{"id":19718,"date":"2022-03-18T10:29:19","date_gmt":"2022-03-18T09:29:19","guid":{"rendered":"https:\/\/teamescape.com\/saarbruecken\/imprint\/"},"modified":"2022-07-27T04:35:55","modified_gmt":"2022-07-27T02:35:55","slug":"imprint","status":"publish","type":"page","link":"https:\/\/teamescape.com\/en\/saarbruecken\/imprint\/","title":{"rendered":"Imprint"},"content":{"rendered":"\t\t<div data-elementor-type=\"wp-page\" data-elementor-id=\"19718\" class=\"elementor elementor-19718 elementor-8764\" data-elementor-post-type=\"page\">\n\t\t\t\t\t\t<section class=\"elementor-section elementor-top-section elementor-element elementor-element-f240939 elementor-section-boxed elementor-section-height-default elementor-section-height-default\" data-id=\"f240939\" data-element_type=\"section\" data-e-type=\"section\">\n\t\t\t\t\t\t<div class=\"elementor-container elementor-column-gap-default\">\n\t\t\t\t\t<div class=\"elementor-column elementor-col-100 elementor-top-column elementor-element elementor-element-1cd4128\" data-id=\"1cd4128\" data-element_type=\"column\" data-e-type=\"column\">\n\t\t\t<div class=\"elementor-widget-wrap elementor-element-populated\">\n\t\t\t\t\t\t<div class=\"elementor-element elementor-element-f78840d elementor-widget elementor-widget-text-editor\" data-id=\"f78840d\" data-element_type=\"widget\" data-e-type=\"widget\" data-widget_type=\"text-editor.default\">\n\t\t\t\t<div class=\"elementor-widget-container\">\n\t\t\t\t\t\t\t\t\t<h1>Imprint<br>TeamEscape Saarbr\u00fccken<\/h1><p><strong>Information according to \u00a7 5 TMG:<\/strong><\/p><p>Dudweiler Landstra\u00dfe 151<br>66123 Saarbruecken<\/p><p><b>Represented by:<\/b><br>Daniel Finck<br>Jacob Beutler<br>Michael beer tap<\/p><p><b>Contact:<\/b><br>Phone: 0681 38750690<br>E-mail: <a href=\"mailto:saarbruecken@teamescape.de\">saarbruecken@teamescape.de<\/a><\/p><p><b>Registry entry:<\/b><br>Entry in the Commercial Register.<br>Register court: Berlin Charlottenburg<br>Registration number: HRB 195453 B<\/p><p><b>Sales tax:<\/b><br>Sales tax identification number according to \u00a727 a Umsatzsteuergesetz:<br>DE317741159<\/p>\t\t\t\t\t\t\t\t<\/div>\n\t\t\t\t<\/div>\n\t\t\t\t<div class=\"elementor-element elementor-element-3bc6fb8 elementor-widget elementor-widget-shortcode\" data-id=\"3bc6fb8\" data-element_type=\"widget\" data-e-type=\"widget\" data-widget_type=\"shortcode.default\">\n\t\t\t\t<div class=\"elementor-widget-container\">\n\t\t\t\t\t\t\t<div class=\"elementor-shortcode\"><b>Streitschlichtung<\/b>\r<br \/>Wir sind nicht bereit oder verpflichtet, an Streitbeilegungsverfahren vor einer Verbraucherschlichtungsstelle teilzunehmen.\r<br \/><h2>Umsetzung<\/h2>\r<br \/>Umsetzung durch <a href=\"https:\/\/www.mewigo.de\/wordpress-agentur-berlin\/\" target=\"_blank\" rel=\"noopener\">WordPress Agentur MEWIGO aus Berlin<\/a>\r<br \/><h2>Urheberrecht<\/h2>\r<br \/>Falls nicht anders angegeben, unterliegen alle Seiten dieses Webangebotes dem Urheberrecht (Copyright). Dies gilt insbesondere f\u00fcr Texte, Bilder, Grafiken und Style-Dateien, einschlie\u00dflich deren Anordnung auf den Websites.\r<br \/>\r<br \/>Eine Vervielf\u00e4ltigung oder Verwendung von Websites (oder von Teilen daraus) in anderen elektronischen oder gedruckten Publikationen und deren Ver\u00f6ffentlichung (auch im Internet) ist nur nach vorheriger Genehmigung gestattet.\r<br \/>\r<br \/>Weiterhin k\u00f6nnen Bilder, Grafiken, Text- oder sonstige Dateien ganz oder teilweise dem Urheberrecht Dritter unterliegen.\r<br \/>\r<br \/>Alle innerhalb des Internetangebotes genannten und ggf. durch Dritte gesch\u00fctzten Marken- und Warenzeichen unterliegen uneingeschr\u00e4nkt den Bestimmungen des jeweils g\u00fcltigen Kennzeichenrechts und den Besitzrechten der jeweiligen eingetragenen Eigent\u00fcmer. Allein aufgrund der blo\u00dfen Nennung in unserem Internetangebot ist nicht der Schluss zu ziehen, dass Markenzeichen nicht durch Rechte Dritter gesch\u00fctzt sind.\r<br \/><h2>Haftungsausschluss<\/h2>\r<br \/>Der Autor hat alle in seinem Bereich bereitgestellten Informationen nach bestem Wissen und Gewissen erarbeitet und gepr\u00fcft. Jedoch \u00fcbernimmt der Autor keinerlei Gew\u00e4hr f\u00fcr die Aktualit\u00e4t, Korrektheit, Vollst\u00e4ndigkeit oder Qualit\u00e4t der bereitgestellten Informationen. Haftungsanspr\u00fcche gegen den Autor, welche sich auf Sch\u00e4den materieller oder ideeller Art beziehen, die durch die Nutzung oder Nichtnutzung der dargebotenen Informationen bzw. durch die Nutzung fehlerhafter und unvollst\u00e4ndiger Informationen verursacht wurden, sind grunds\u00e4tzlich ausgeschlossen, sofern seitens des Autors kein nachweislich vors\u00e4tzliches oder grob fahrl\u00e4ssiges Verschulden vorliegt.\r<br \/>\r<br \/>Alle Angebote sind freibleibend und unverbindlich. Der Autor beh\u00e4lt es sich ausdr\u00fccklich vor, Teile der Seiten oder das gesamte Angebot ohne gesonderte Ank\u00fcndigung zu ver\u00e4ndern, zu erg\u00e4nzen, zu l\u00f6schen oder die Ver\u00f6ffentlichung zeitweise oder endg\u00fcltig einzustellen.\r<br \/><h2>Verweise und Links (Disclaimer)<\/h2>\r<br \/>Bei direkten oder indirekten Verweisen auf fremde Websites (\u201eHyperlinks\u201c), die au\u00dferhalb des Verantwortungsbereiches des Autors liegen, w\u00fcrde eine Haftungsverpflichtung ausschlie\u00dflich in dem Fall in Kraft treten, in dem der Autor von den Inhalten Kenntnis hat und es ihm technisch m\u00f6glich und zumutbar w\u00e4re, die Nutzung im Falle rechtswidriger Inhalte zu verhindern.\r<br \/>\r<br \/>Der Autor erkl\u00e4rt hiermit ausdr\u00fccklich, dass zum Zeitpunkt der Linksetzung keine illegalen Inhalte auf den zu verlinkenden Seiten erkennbar waren. Auf die aktuelle und zuk\u00fcnftige Gestaltung, die Inhalte oder die Urheberschaft der gelinkten\/verkn\u00fcpften Seiten hat der Autor keinerlei Einfluss. Deshalb distanziert er sich hiermit ausdr\u00fccklich von allen Inhalten aller gelinkten\/verkn\u00fcpften Seiten, die nach der Linksetzung ver\u00e4ndert wurden. Diese Feststellung gilt f\u00fcr alle innerhalb des eigenen Internetangebotes gesetzten Links und Verweise sowie f\u00fcr Fremdeintr\u00e4ge in vom Autor eingerichteten G\u00e4steb\u00fcchern, Diskussionsforen und Mailinglisten. F\u00fcr illegale, fehlerhafte oder unvollst\u00e4ndige Inhalte und insbesondere f\u00fcr Sch\u00e4den, die aus der Nutzung oder Nichtnutzung solcherart dargebotener Informationen entstehen, haftet allein der Anbieter der Seite, auf welche verwiesen wurde, nicht derjenige, der \u00fcber Links auf die jeweilige Ver\u00f6ffentlichung lediglich verweist.\n<\/div>\n\t\t\t\t\t\t<\/div>\n\t\t\t\t<\/div>\n\t\t\t\t\t<\/div>\n\t\t<\/div>\n\t\t\t\t\t<\/div>\n\t\t<\/section>\n\t\t\t\t<\/div>\n\t\t","protected":false},"excerpt":{"rendered":"<p>ImprintTeamEscape Saarbr\u00fccken Information according to \u00a7 5 TMG: Dudweiler Landstra\u00dfe 15166123 Saarbruecken Represented by:Daniel FinckJacob BeutlerMichael beer tap Contact:Phone: 0681 38750690E-mail: saarbruecken@teamescape.de Registry entry:Entry in the Commercial Register.Register court: Berlin CharlottenburgRegistration number: HRB 195453 B Sales tax:Sales tax identification number according to \u00a727 a Umsatzsteuergesetz:DE317741159<\/p>\n","protected":false},"author":12,"featured_media":0,"parent":19696,"menu_order":0,"comment_status":"closed","ping_status":"closed","template":"full-width.php","meta":{"_acf_changed":false,"footnotes":""},"class_list":["post-19718","page","type-page","status-publish","hentry"],"acf":[],"yoast_head":"<!-- This site is optimized with the Yoast SEO plugin v27.3 - https:\/\/yoast.com\/product\/yoast-seo-wordpress\/ -->\n<title>Imprint | TeamEscape ~City~<\/title>\n<meta name=\"robots\" content=\"index, follow, max-snippet:-1, max-image-preview:large, max-video-preview:-1\" \/>\n<link rel=\"canonical\" href=\"https:\/\/teamescape.com\/en\/saarbruecken\/imprint\/\" \/>\n<meta property=\"og:locale\" content=\"en_US\" \/>\n<meta property=\"og:type\" content=\"article\" \/>\n<meta property=\"og:title\" content=\"Imprint | TeamEscape ~City~\" \/>\n<meta property=\"og:description\" content=\"ImprintTeamEscape Saarbr\u00fccken Information according to \u00a7 5 TMG: Dudweiler Landstra\u00dfe 15166123 Saarbruecken Represented by:Daniel FinckJacob BeutlerMichael beer tap Contact:Phone: 0681 38750690E-mail: saarbruecken@teamescape.de Registry entry:Entry in the Commercial Register.Register court: Berlin CharlottenburgRegistration number: HRB 195453 B Sales tax:Sales tax identification number according to \u00a727 a Umsatzsteuergesetz:DE317741159\" \/>\n<meta property=\"og:url\" content=\"https:\/\/teamescape.com\/en\/saarbruecken\/imprint\/\" \/>\n<meta property=\"og:site_name\" content=\"TeamEscape\" \/>\n<meta property=\"article:modified_time\" content=\"2022-07-27T02:35:55+00:00\" \/>\n<meta property=\"og:image\" content=\"https:\/\/teamescape.com\/wp-content\/uploads\/2022\/02\/ESCAPE-ROOMS-team_friends_540_4.jpg\" \/>\n\t<meta property=\"og:image:width\" content=\"1527\" \/>\n\t<meta property=\"og:image:height\" content=\"916\" \/>\n\t<meta property=\"og:image:type\" content=\"image\/jpeg\" \/>\n<meta name=\"twitter:card\" content=\"summary_large_image\" \/>\n<script type=\"application\/ld+json\" class=\"yoast-schema-graph\">{\"@context\":\"https:\\\/\\\/schema.org\",\"@graph\":[{\"@type\":\"WebPage\",\"@id\":\"https:\\\/\\\/teamescape.com\\\/en\\\/saarbruecken\\\/imprint\\\/\",\"url\":\"https:\\\/\\\/teamescape.com\\\/en\\\/saarbruecken\\\/imprint\\\/\",\"name\":\"Imprint | TeamEscape ~City~\",\"isPartOf\":{\"@id\":\"https:\\\/\\\/teamescape.com\\\/#website\"},\"datePublished\":\"2022-03-18T09:29:19+00:00\",\"dateModified\":\"2022-07-27T02:35:55+00:00\",\"breadcrumb\":{\"@id\":\"https:\\\/\\\/teamescape.com\\\/en\\\/saarbruecken\\\/imprint\\\/#breadcrumb\"},\"inLanguage\":\"en-US\",\"potentialAction\":[{\"@type\":\"ReadAction\",\"target\":[\"https:\\\/\\\/teamescape.com\\\/en\\\/saarbruecken\\\/imprint\\\/\"]}]},{\"@type\":\"BreadcrumbList\",\"@id\":\"https:\\\/\\\/teamescape.com\\\/en\\\/saarbruecken\\\/imprint\\\/#breadcrumb\",\"itemListElement\":[{\"@type\":\"ListItem\",\"position\":1,\"name\":\"Startseite\",\"item\":\"https:\\\/\\\/teamescape.com\\\/en\\\/home\\\/\"},{\"@type\":\"ListItem\",\"position\":2,\"name\":\"Saarbr\u00fccken\",\"item\":\"https:\\\/\\\/teamescape.com\\\/en\\\/saarbruecken\\\/\"},{\"@type\":\"ListItem\",\"position\":3,\"name\":\"Imprint\"}]},{\"@type\":\"WebSite\",\"@id\":\"https:\\\/\\\/teamescape.com\\\/#website\",\"url\":\"https:\\\/\\\/teamescape.com\\\/\",\"name\":\"TeamEscape\",\"description\":\"Original Escape Room. Escape Game Erlebnis Nr. 1 TeamEscape\u00ae\",\"publisher\":{\"@id\":\"https:\\\/\\\/teamescape.com\\\/#organization\"},\"potentialAction\":[{\"@type\":\"SearchAction\",\"target\":{\"@type\":\"EntryPoint\",\"urlTemplate\":\"https:\\\/\\\/teamescape.com\\\/?s={search_term_string}\"},\"query-input\":{\"@type\":\"PropertyValueSpecification\",\"valueRequired\":true,\"valueName\":\"search_term_string\"}}],\"inLanguage\":\"en-US\"},{\"@type\":\"Organization\",\"@id\":\"https:\\\/\\\/teamescape.com\\\/#organization\",\"name\":\"TeamEscape\",\"url\":\"https:\\\/\\\/teamescape.com\\\/\",\"logo\":{\"@type\":\"ImageObject\",\"inLanguage\":\"en-US\",\"@id\":\"https:\\\/\\\/teamescape.com\\\/#\\\/schema\\\/logo\\\/image\\\/\",\"url\":\"https:\\\/\\\/teamescape.com\\\/wp-content\\\/uploads\\\/2022\\\/05\\\/te_logo.png\",\"contentUrl\":\"https:\\\/\\\/teamescape.com\\\/wp-content\\\/uploads\\\/2022\\\/05\\\/te_logo.png\",\"width\":500,\"height\":249,\"caption\":\"TeamEscape\"},\"image\":{\"@id\":\"https:\\\/\\\/teamescape.com\\\/#\\\/schema\\\/logo\\\/image\\\/\"}}]}<\/script>\n<!-- \/ Yoast SEO plugin. -->","yoast_head_json":{"title":"Imprint | TeamEscape ~City~","robots":{"index":"index","follow":"follow","max-snippet":"max-snippet:-1","max-image-preview":"max-image-preview:large","max-video-preview":"max-video-preview:-1"},"canonical":"https:\/\/teamescape.com\/en\/saarbruecken\/imprint\/","og_locale":"en_US","og_type":"article","og_title":"Imprint | TeamEscape ~City~","og_description":"ImprintTeamEscape Saarbr\u00fccken Information according to \u00a7 5 TMG: Dudweiler Landstra\u00dfe 15166123 Saarbruecken Represented by:Daniel FinckJacob BeutlerMichael beer tap Contact:Phone: 0681 38750690E-mail: saarbruecken@teamescape.de Registry entry:Entry in the Commercial Register.Register court: Berlin CharlottenburgRegistration number: HRB 195453 B Sales tax:Sales tax identification number according to \u00a727 a Umsatzsteuergesetz:DE317741159","og_url":"https:\/\/teamescape.com\/en\/saarbruecken\/imprint\/","og_site_name":"TeamEscape","article_modified_time":"2022-07-27T02:35:55+00:00","og_image":[{"width":1527,"height":916,"url":"https:\/\/teamescape.com\/wp-content\/uploads\/2022\/02\/ESCAPE-ROOMS-team_friends_540_4.jpg","type":"image\/jpeg"}],"twitter_card":"summary_large_image","schema":{"@context":"https:\/\/schema.org","@graph":[{"@type":"WebPage","@id":"https:\/\/teamescape.com\/en\/saarbruecken\/imprint\/","url":"https:\/\/teamescape.com\/en\/saarbruecken\/imprint\/","name":"Imprint | TeamEscape ~City~","isPartOf":{"@id":"https:\/\/teamescape.com\/#website"},"datePublished":"2022-03-18T09:29:19+00:00","dateModified":"2022-07-27T02:35:55+00:00","breadcrumb":{"@id":"https:\/\/teamescape.com\/en\/saarbruecken\/imprint\/#breadcrumb"},"inLanguage":"en-US","potentialAction":[{"@type":"ReadAction","target":["https:\/\/teamescape.com\/en\/saarbruecken\/imprint\/"]}]},{"@type":"BreadcrumbList","@id":"https:\/\/teamescape.com\/en\/saarbruecken\/imprint\/#breadcrumb","itemListElement":[{"@type":"ListItem","position":1,"name":"Startseite","item":"https:\/\/teamescape.com\/en\/home\/"},{"@type":"ListItem","position":2,"name":"Saarbr\u00fccken","item":"https:\/\/teamescape.com\/en\/saarbruecken\/"},{"@type":"ListItem","position":3,"name":"Imprint"}]},{"@type":"WebSite","@id":"https:\/\/teamescape.com\/#website","url":"https:\/\/teamescape.com\/","name":"TeamEscape","description":"Original Escape Room. Escape Game Erlebnis Nr. 1 TeamEscape\u00ae","publisher":{"@id":"https:\/\/teamescape.com\/#organization"},"potentialAction":[{"@type":"SearchAction","target":{"@type":"EntryPoint","urlTemplate":"https:\/\/teamescape.com\/?s={search_term_string}"},"query-input":{"@type":"PropertyValueSpecification","valueRequired":true,"valueName":"search_term_string"}}],"inLanguage":"en-US"},{"@type":"Organization","@id":"https:\/\/teamescape.com\/#organization","name":"TeamEscape","url":"https:\/\/teamescape.com\/","logo":{"@type":"ImageObject","inLanguage":"en-US","@id":"https:\/\/teamescape.com\/#\/schema\/logo\/image\/","url":"https:\/\/teamescape.com\/wp-content\/uploads\/2022\/05\/te_logo.png","contentUrl":"https:\/\/teamescape.com\/wp-content\/uploads\/2022\/05\/te_logo.png","width":500,"height":249,"caption":"TeamEscape"},"image":{"@id":"https:\/\/teamescape.com\/#\/schema\/logo\/image\/"}}]}},"_links":{"self":[{"href":"https:\/\/teamescape.com\/en\/wp-json\/wp\/v2\/pages\/19718","targetHints":{"allow":["GET"]}}],"collection":[{"href":"https:\/\/teamescape.com\/en\/wp-json\/wp\/v2\/pages"}],"about":[{"href":"https:\/\/teamescape.com\/en\/wp-json\/wp\/v2\/types\/page"}],"author":[{"embeddable":true,"href":"https:\/\/teamescape.com\/en\/wp-json\/wp\/v2\/users\/12"}],"replies":[{"embeddable":true,"href":"https:\/\/teamescape.com\/en\/wp-json\/wp\/v2\/comments?post=19718"}],"version-history":[{"count":0,"href":"https:\/\/teamescape.com\/en\/wp-json\/wp\/v2\/pages\/19718\/revisions"}],"up":[{"embeddable":true,"href":"https:\/\/teamescape.com\/en\/wp-json\/wp\/v2\/pages\/19696"}],"wp:attachment":[{"href":"https:\/\/teamescape.com\/en\/wp-json\/wp\/v2\/media?parent=19718"}],"curies":[{"name":"wp","href":"https:\/\/api.w.org\/{rel}","templated":true}]}}